{"id":6031,"date":"2024-07-26T20:31:39","date_gmt":"2024-07-26T18:31:39","guid":{"rendered":"https:\/\/www.exclusievecars.nl\/?page_id=6031"},"modified":"2024-07-26T20:42:12","modified_gmt":"2024-07-26T18:42:12","slug":"bedingungen-und-konditionen","status":"publish","type":"page","link":"https:\/\/www.exclusievecars.nl\/de\/bedingungen-und-konditionen\/","title":{"rendered":"Allgemeine Bedingungen und Konditionen"},"content":{"rendered":"<div data-elementor-type=\"wp-page\" data-elementor-id=\"6031\" class=\"elementor elementor-6031\" data-elementor-post-type=\"page\">\n\t\t\t\t\t\t<section class=\"elementor-section elementor-top-section elementor-element elementor-element-57a49b2 elementor-section-boxed elementor-section-height-default elementor-section-height-default\" data-id=\"57a49b2\" data-element_type=\"section\">\n\t\t\t\t\t\t<div class=\"elementor-container elementor-column-gap-default\">\n\t\t\t\t\t<div class=\"elementor-column elementor-col-100 elementor-top-column elementor-element elementor-element-0c4d9dc\" data-id=\"0c4d9dc\" data-element_type=\"column\">\n\t\t\t<div class=\"elementor-widget-wrap elementor-element-populated\">\n\t\t\t\t\t\t<div class=\"elementor-element elementor-element-7fd1c0d elementor-widget elementor-widget-text-editor\" data-id=\"7fd1c0d\" data-element_type=\"widget\" data-widget_type=\"text-editor.default\">\n\t\t\t\t<div class=\"elementor-widget-container\">\n\t\t\t\t\t\t\t\t\t<p class=\"whitespace-pre-wrap break-words\">Allgemeine Gesch\u00e4ftsbedingungen Exclusive Cars<\/p><ol class=\"-mt-1 list-decimal space-y-2 pl-8\"><li class=\"whitespace-normal break-words\">Anwendbarkeit Diese allgemeinen Bedingungen gelten f\u00fcr alle Vertr\u00e4ge und Dienstleistungen von Exclusieve Cars, mit Sitz in [Stadt] und eingetragen bei der Handelskammer unter der Nummer [Handelskammernummer], im Folgenden \"Exclusieve Cars\" genannt.<\/li><li class=\"whitespace-normal break-words\">Services Exclusive Cars ist auf den Import von Personenkraftwagen aus dem Ausland spezialisiert und bietet auch die M\u00f6glichkeit der Inzahlungnahme vorhandener Fahrzeuge.<\/li><li class=\"whitespace-normal break-words\">Angebote und Vertr\u00e4ge 3.1 Alle Angebote von Exclusive Cars sind freibleibend, es sei denn, es ist ausdr\u00fccklich anders angegeben. 3.2 Ein Vertrag wird nach schriftlicher Best\u00e4tigung durch Exclusive Cars geschlossen.<\/li><li class=\"whitespace-normal break-words\">Preise und Zahlungen 4.1 Alle Preise sind in Euro angegeben und enthalten die Mehrwertsteuer, sofern nicht anders angegeben. 4.2 Die Zahlungen sind gem\u00e4\u00df den vereinbarten Zahlungsbedingungen zu leisten.<\/li><li class=\"whitespace-normal break-words\">Lieferung und Risiko 5.1 Die Lieferzeiten sind indikativ und unverbindlich. 5.2 Das Risiko des importierten Fahrzeugs geht mit der Lieferung auf den Kunden \u00fcber.<\/li><li class=\"whitespace-normal break-words\">Garantie und Haftung 6.1 F\u00fcr importierte Fahrzeuge gilt die Herstellergarantie, soweit sie noch g\u00fcltig ist. 6.2 Exclusive Cars haftet nicht f\u00fcr indirekte Sch\u00e4den oder Folgesch\u00e4den.<\/li><li class=\"whitespace-normal break-words\">Inzahlungnahme 7.1 Im Falle einer Inzahlungnahme wird der Wert des einzutauschenden Fahrzeugs vom Kaufpreis des zu importierenden Fahrzeugs abgezogen. 7.2 Der Inzahlungnahmewert wird von Exclusive Cars auf der Grundlage des Zustands des Fahrzeugs bestimmt.<\/li><li class=\"whitespace-normal break-words\">Eigentumsvorbehalt Die gelieferten Fahrzeuge bleiben bis zur vollst\u00e4ndigen Bezahlung Eigentum von Exclusive Cars.<\/li><li class=\"whitespace-normal break-words\">Datenschutz Exclusive Cars verarbeitet personenbezogene Daten in \u00dcbereinstimmung mit den geltenden Datenschutzgesetzen. Siehe unsere Datenschutzerkl\u00e4rung unter <a href=\"https:\/\/www.exclusievecars.nl\/de\/\">www.exclusievecars.nl<\/a> f\u00fcr weitere Informationen.<\/li><li class=\"whitespace-normal break-words\">Anwendbares Recht und Streitigkeiten 10.1 Auf alle Vertr\u00e4ge findet niederl\u00e4ndisches Recht Anwendung. 10.2 Streitigkeiten werden dem zust\u00e4ndigen Gericht in dem Bezirk vorgelegt, in dem Exclusive Cars seinen Sitz hat.<\/li><li class=\"whitespace-normal break-words\">\u00c4nderungen Exclusive Cars beh\u00e4lt sich das Recht vor, diese allgemeinen Gesch\u00e4ftsbedingungen zu \u00e4ndern. Die aktuellste Version finden Sie immer unter <a href=\"https:\/\/www.exclusievecars.nl\/de\/\">www.exclusievecars.nl<\/a>.<\/li><\/ol><p class=\"whitespace-pre-wrap break-words\">Bei Fragen zu diesen Bestimmungen und Bedingungen wenden Sie sich bitte an uns <a href=\"mailto:info@exclusievecars.nl\">info@exclusievecars.nl<\/a> oder [Rufnummer].<\/p><p class=\"whitespace-pre-wrap break-words\">Zuletzt aktualisiert: [Datum]<\/p>\t\t\t\t\t\t\t\t<\/div>\n\t\t\t\t<\/div>\n\t\t\t\t\t<\/div>\n\t\t<\/div>\n\t\t\t\t\t<\/div>\n\t\t<\/section>\n\t\t\t\t<\/div>","protected":false},"excerpt":{"rendered":"<p>Algemene Voorwaarden Exclusieve Cars Toepasselijkheid Deze algemene voorwaarden zijn van toepassing op alle overeenkomsten en diensten van Exclusieve Cars, gevestigd te [plaats] en ingeschreven bij de Kamer van Koophandel onder nummer [KvK-nummer], hierna te noemen &#8220;Exclusieve Cars&#8221;. Diensten Exclusieve Cars is gespecialiseerd in de import van personenauto&#8217;s uit het buitenland en biedt daarnaast de mogelijkheid&#8230;<\/p>","protected":false},"author":1,"featured_media":0,"parent":0,"menu_order":0,"comment_status":"closed","ping_status":"closed","template":"","meta":{"footnotes":""},"class_list":["post-6031","page","type-page","status-publish","hentry"],"_hostinger_reach_plugin_has_subscription_block":false,"_hostinger_reach_plugin_is_elementor":false,"_links":{"self":[{"href":"https:\/\/www.exclusievecars.nl\/de\/wp-json\/wp\/v2\/pages\/6031","targetHints":{"allow":["GET"]}}],"collection":[{"href":"https:\/\/www.exclusievecars.nl\/de\/wp-json\/wp\/v2\/pages"}],"about":[{"href":"https:\/\/www.exclusievecars.nl\/de\/wp-json\/wp\/v2\/types\/page"}],"author":[{"embeddable":true,"href":"https:\/\/www.exclusievecars.nl\/de\/wp-json\/wp\/v2\/users\/1"}],"replies":[{"embeddable":true,"href":"https:\/\/www.exclusievecars.nl\/de\/wp-json\/wp\/v2\/comments?post=6031"}],"version-history":[{"count":0,"href":"https:\/\/www.exclusievecars.nl\/de\/wp-json\/wp\/v2\/pages\/6031\/revisions"}],"wp:attachment":[{"href":"https:\/\/www.exclusievecars.nl\/de\/wp-json\/wp\/v2\/media?parent=6031"}],"curies":[{"name":"wp","href":"https:\/\/api.w.org\/{rel}","templated":true}]}}