{"id":5749,"date":"2024-04-24T04:26:13","date_gmt":"2024-04-24T02:26:13","guid":{"rendered":"https:\/\/www.exclusievecars.nl\/?page_id=5749"},"modified":"2024-07-27T00:22:17","modified_gmt":"2024-07-26T22:22:17","slug":"ihr-auto-in-zahlung-geben","status":"publish","type":"page","link":"https:\/\/www.exclusievecars.nl\/de\/ihr-auto-in-zahlung-geben\/","title":{"rendered":"Inzahlungnahme"},"content":{"rendered":"<div data-elementor-type=\"wp-page\" data-elementor-id=\"5749\" class=\"elementor elementor-5749\" data-elementor-post-type=\"page\">\n\t\t\t\t\t\t<section class=\"elementor-section elementor-top-section elementor-element elementor-element-48a011a0 elementor-section-boxed elementor-section-height-default elementor-section-height-default\" data-id=\"48a011a0\" data-element_type=\"section\">\n\t\t\t\t\t\t<div class=\"elementor-container elementor-column-gap-default\">\n\t\t\t\t\t<div class=\"elementor-column elementor-col-50 elementor-top-column elementor-element elementor-element-dfb0612\" data-id=\"dfb0612\" data-element_type=\"column\">\n\t\t\t<div class=\"elementor-widget-wrap elementor-element-populated\">\n\t\t\t\t\t\t<div class=\"elementor-element elementor-element-5ee49e89 elementor-widget elementor-widget-stm-colored-separator\" data-id=\"5ee49e89\" data-element_type=\"widget\" data-widget_type=\"stm-colored-separator.default\">\n\t\t\t\t<div class=\"elementor-widget-container\">\n\t\t\t\t\t<div class=\"colored-separator\" style=\"text-align: left;\">\n\t\t\t<div class=\"first-long stm-base-background-color\"><\/div>\n\t\t<div class=\"last-short stm-base-background-color\"><\/div>\n\t<\/div>\n\t\t\t\t<\/div>\n\t\t\t\t<\/div>\n\t\t\t\t<div class=\"elementor-element elementor-element-20971be6 elementor-widget elementor-widget-heading\" data-id=\"20971be6\" data-element_type=\"widget\" data-widget_type=\"heading.default\">\n\t\t\t\t<div class=\"elementor-widget-container\">\n\t\t\t\t\t<h2 class=\"elementor-heading-title elementor-size-default\"><h2 style=\"line-height: 35px;letter-spacing: normal;white-space: normal;margin-top: 5px !important;margin-bottom: 8px !important\">IHR AUTO IN ZAHLUNG GEBEN?<\/h2><\/h2>\t\t\t\t<\/div>\n\t\t\t\t<\/div>\n\t\t\t\t<div class=\"elementor-element elementor-element-3d3ff489 elementor-widget elementor-widget-text-editor\" data-id=\"3d3ff489\" data-element_type=\"widget\" data-widget_type=\"text-editor.default\">\n\t\t\t\t<div class=\"elementor-widget-container\">\n\t\t\t\t\t\t\t\t\t<p>M\u00f6chten Sie Ihr derzeitiges Fahrzeug in Zahlung geben? Wahrscheinlich ist es gut, zuerst eine Sch\u00e4tzung des Wertes zu erhalten. Schlie\u00dflich ist die Inzahlungnahme eines Fahrzeugs viel unkomplizierter, als es selbst zu verkaufen. Au\u00dferdem k\u00f6nnen Sie durch die Inzahlungnahme eines Fahrzeugs oft Ihre monatlichen Ausgaben senken. Eine Win-Win-Situation!<\/p><p>Wir wollen Ihnen helfen, eine fundierte Entscheidung zu treffen. F\u00fcllen Sie einfach das nachstehende Formular aus, und wir senden Ihnen innerhalb von 48 Stunden einen Kostenvoranschlag zu. Von da an liegt es an Ihnen, was Sie tun m\u00f6chten!<\/p>\t\t\t\t\t\t\t\t<\/div>\n\t\t\t\t<\/div>\n\t\t\t\t\t<\/div>\n\t\t<\/div>\n\t\t\t\t<div class=\"elementor-column elementor-col-50 elementor-top-column elementor-element elementor-element-b99e404\" data-id=\"b99e404\" data-element_type=\"column\">\n\t\t\t<div class=\"elementor-widget-wrap elementor-element-populated\">\n\t\t\t\t\t\t<div class=\"elementor-element elementor-element-4a760221 elementor-widget elementor-widget-motors-sell-your-car\" data-id=\"4a760221\" data-element_type=\"widget\" data-widget_type=\"motors-sell-your-car.default\">\n\t\t\t\t<div class=\"elementor-widget-container\">\n\t\t\t\t\t\t<div class=\"stm-sell-a-car-form stm-sell-a-car-form-69d0114cb46f0\" data-form-id=\"69d0114cb46f0\">\n\t\t<div class=\"form-navigation\">\n\t\t\t<div class=\"row\">\n\t\t\t\t<div class=\"col-md-4 col-sm-4\">\n\t\t\t\t\t<a href=\"#step-one\" class=\"form-navigation-unit active\" data-tab=\"step-one\">\n\t\t\t\t\t\t<div class=\"number heading-font\">1.<\/div>\n\t\t\t\t\t\t<div class=\"title heading-font\">\n\t\t\t\t\t\t\tCar Information\t\t\t\t\t\t<\/div>\n\t\t\t\t\t\t<div class=\"sub-title\">\n\t\t\t\t\t\t\tAdd your car details\t\t\t\t\t\t<\/div>\n\t\t\t\t\t<\/a>\n\t\t\t\t<\/div>\n\t\t\t\t<div class=\"col-md-4 col-sm-4\">\n\t\t\t\t\t<a href=\"#step-two\" class=\"form-navigation-unit\" data-tab=\"step-two\">\n\t\t\t\t\t\t<div class=\"number heading-font\">2.<\/div>\n\t\t\t\t\t\t<div class=\"title heading-font\">\n\t\t\t\t\t\t\tCar Condition\t\t\t\t\t\t<\/div>\n\t\t\t\t\t\t<div class=\"sub-title\">\n\t\t\t\t\t\t\tAdd your car details\t\t\t\t\t\t<\/div>\n\t\t\t\t\t<\/a>\n\t\t\t\t<\/div>\n\t\t\t\t<div class=\"col-md-4 col-sm-4\">\n\t\t\t\t\t<a href=\"#step-three\" class=\"form-navigation-unit\" data-tab=\"step-three\">\n\t\t\t\t\t\t<div class=\"number heading-font\">3.<\/div>\n\t\t\t\t\t\t<div class=\"title heading-font\">Kontaktangaben<\/div>\n\t\t\t\t\t\t<div class=\"sub-title\">Ihre Kontaktdaten<\/div>\n\t\t\t\t\t<\/a>\n\t\t\t\t<\/div>\n\t\t\t<\/div>\n\t\t<\/div>\n\t\t<div class=\"form-content\">\n\t\t\t<form method=\"POST\" action=\"\" id=\"trade-in-default\" enctype=\"multipart\/form-data\" data-trp-original-action=\"\">\n\t\t\t\t<!-- STEP ONE -->\n\t\t\t\t<div class=\"form-content-unit active\" id=\"step-one\">\n\t\t\t\t\t<input type=\"hidden\" name=\"trade_in_wpnonce\" value=\"860d8eb8f7\"\/>\n\t\t\t\t\t<input type=\"hidden\" name=\"trade_in_submitted\" value=\"false\"\/>\n\t\t\t\t\t<input type=\"hidden\" name=\"sell_a_car\" value=\"filled\"\/>\n\t\t\t\t\t<input type=\"hidden\" name=\"car\" value=\"Inruilen\"\/>\n\t\t\t\t\t\t\t\t\t\t<div class=\"row\">\n\t\t\t\t\t\t<div class=\"col-md-4 col-sm-4\">\n\t\t\t\t\t\t\t<div class=\"form-group\">\n\t\t\t\t\t\t\t\t<div class=\"contact-us-label\">Baujahr<\/div>\n\t\t\t\t\t\t\t\t<input type=\"text\" value=\"\" name=\"make\"\n\t\t\t\t\t\t\t\t\tdata-need=\"true\" required>\n\t\t\t\t\t\t\t<\/div>\n\t\t\t\t\t\t<\/div>\n\t\t\t\t\t\t<div class=\"col-md-4 col-sm-4\">\n\t\t\t\t\t\t\t<div class=\"form-group\">\n\t\t\t\t\t\t\t\t<div class=\"contact-us-label\">Modell<\/div>\n\t\t\t\t\t\t\t\t<input type=\"text\" value=\"\" name=\"model\"\n\t\t\t\t\t\t\t\t\tdata-need=\"true\" required>\n\t\t\t\t\t\t\t<\/div>\n\t\t\t\t\t\t<\/div>\n\t\t\t\t\t\t<div class=\"col-md-4 col-sm-4\">\n\t\t\t\t\t\t\t<div class=\"form-group\">\n\t\t\t\t\t\t\t\t<div class=\"contact-us-label\">Jahr<\/div>\n\t\t\t\t\t\t\t\t<input type=\"text\" value=\"\"\n\t\t\t\t\t\t\t\t\tname=\"stm_year\"\/>\n\t\t\t\t\t\t\t<\/div>\n\t\t\t\t\t\t<\/div>\n\t\t\t\t\t\t<div class=\"col-md-4 col-sm-4\">\n\t\t\t\t\t\t\t<div class=\"form-group\">\n\t\t\t\t\t\t\t\t<div class=\"contact-us-label\">Getriebe<\/div>\n\t\t\t\t\t\t\t\t<input type=\"text\" value=\"\"\n\t\t\t\t\t\t\t\t\tname=\"transmission\"\/>\n\t\t\t\t\t\t\t<\/div>\n\t\t\t\t\t\t<\/div>\n\t\t\t\t\t\t<div class=\"col-md-4 col-sm-4\">\n\t\t\t\t\t\t\t<div class=\"form-group\">\n\t\t\t\t\t\t\t\t<div class=\"contact-us-label\">\n\t\t\t\t\t\t\t\t\tMeilenzahl\t\t\t\t\t\t\t\t<\/div>\n\t\t\t\t\t\t\t\t<input type=\"text\" value=\"\"\n\t\t\t\t\t\t\t\t\tname=\"mileage\"\/>\n\t\t\t\t\t\t\t<\/div>\n\t\t\t\t\t\t<\/div>\n\t\t\t\t\t\t<div class=\"col-md-4 col-sm-4\">\n\t\t\t\t\t\t\t<div class=\"form-group\">\n\t\t\t\t\t\t\t\t<div class=\"contact-us-label\">FIN<\/div>\n\t\t\t\t\t\t\t\t<input type=\"text\" value=\"\" name=\"vin\"\/>\n\t\t\t\t\t\t\t<\/div>\n\t\t\t\t\t\t<\/div>\n\t\t\t\t\t<\/div>\n\n\t\t\t\t\t<div class=\"row\">\n\t\t\t\t\t\t<div class=\"col-md-12 col-sm-12\">\n\t\t\t\t\t\t\t\t\t\t\t\t\t\t<div class=\"form-upload-files\">\n\t\t\t\t\t\t\t\t<div class=\"clearfix\">\n\t\t\t\t\t\t\t\t\t<div class=\"stm-unit-photos\">\n\t\t\t\t\t\t\t\t\t\t<h5 class=\"stm-label-type-2\">Laden Sie Ihr Fahrzeugbilder hoch<\/h5>\n\t\t\t\t\t\t\t\t\t\t<div class=\"upload-photos\">\n\t\t\t\t\t\t\t\t\t\t\t<div class=\"stm-pseudo-file-input\" data-placeholder=\"Datei ausw\u00e4hlen ...\">\n\t\t\t\t\t\t\t\t\t\t\t\t<div class=\"stm-filename\">Datei ausw\u00e4hlen ...<\/div>\n\t\t\t\t\t\t\t\t\t\t\t\t<div class=\"stm-plus\"><\/div>\n\t\t\t\t\t\t\t\t\t\t\t\t<input class=\"stm-file-realfield\" type=\"file\" name=\"gallery_images_0\"\/>\n\t\t\t\t\t\t\t\t\t\t\t<\/div>\n\t\t\t\t\t\t\t\t\t\t<\/div>\n\t\t\t\t\t\t\t\t\t<\/div>\n\t\t\t\t\t\t\t\t\t<div class=\"stm-unit-url\">\n\t\t\t\t\t\t\t\t\t\t<h5 class=\"stm-label-type-2\">\n\t\t\t\t\t\t\t\t\t\t\tStellen Sie eine Video-URL Ihres Fahrzeugs zur Verf\u00fcgung.\t\t\t\t\t\t\t\t\t\t<\/h5>\n\t\t\t\t\t\t\t\t\t\t<input type=\"text\" value=\"\"\n\t\t\t\t\t\t\t\t\t\t\tname=\"video_url\"\/>\n\t\t\t\t\t\t\t\t\t<\/div>\n\t\t\t\t\t\t\t\t<\/div>\n\t\t\t\t\t\t\t<\/div>\n\t\t\t\t\t\t\t<img decoding=\"async\" src=\"https:\/\/www.exclusievecars.nl\/wp-content\/themes\/motors-child\/assets\/images\/radio.png\"\n\t\t\t\t\t\t\t\tstyle=\"opacity:0; width:0; height:0;\"\/>\n\n\t\t\t\t\t\t<\/div>\n\t\t\t\t\t<\/div>\n\n\t\t\t\t\t<div class=\"row\">\n\t\t\t\t\t\t<div class=\"col-md-4 col-sm-4\">\n\t\t\t\t\t\t\t<div class=\"form-group\">\n\t\t\t\t\t\t\t\t<div class=\"contact-us-label\">Zustand des Exterieurs<\/div>\n\t\t\t\t\t\t\t\t<input type=\"text\" value=\"\"\n\t\t\t\t\t\t\t\t\tname=\"exterior_color\"\/>\n\t\t\t\t\t\t\t<\/div>\n\t\t\t\t\t\t<\/div>\n\t\t\t\t\t\t<div class=\"col-md-4 col-sm-4\">\n\t\t\t\t\t\t\t<div class=\"form-group\">\n\t\t\t\t\t\t\t\t<div class=\"contact-us-label\">Farbe der Innenaustattung<\/div>\n\t\t\t\t\t\t\t\t<input type=\"text\" value=\"\"\n\t\t\t\t\t\t\t\t\tname=\"interior_color\"\/>\n\t\t\t\t\t\t\t<\/div>\n\t\t\t\t\t\t<\/div>\n\t\t\t\t\t\t<div class=\"col-md-4 col-sm-4\">\n\t\t\t\t\t\t\t<div class=\"form-group\">\n\t\t\t\t\t\t\t\t<div class=\"contact-us-label\">Besitzer<\/div>\n\t\t\t\t\t\t\t\t<input type=\"text\" value=\"\" name=\"owner\"\/>\n\t\t\t\t\t\t\t<\/div>\n\t\t\t\t\t\t<\/div>\n\t\t\t\t\t<\/div>\n\n\t\t\t\t\t<a href=\"#\" class=\"button sell-a-car-proceed\" data-step=\"2\">\n\t\t\t\t\t\tSpeichern und fortfahren.\t\t\t\t\t<\/a>\n\t\t\t\t<\/div>\n\n\t\t\t\t<!-- STEP TWO -->\n\t\t\t\t<div class=\"form-content-unit\" id=\"step-two\">\n\t\t\t\t\t<div class=\"vehicle-condition\">\n\t\t\t\t\t\t<div class=\"vehicle-condition-unit\">\n\t\t\t\t\t\t\t<div class=\"icon\"><i class=\"stm-icon-car-relic\"><\/i><\/div>\n\t\t\t\t\t\t\t<div class=\"title h5\">Wie ist der Exterieur-Zustand?<\/div>\n\t\t\t\t\t\t\t<label>\n\t\t\t\t\t\t\t\t<input type=\"radio\" name=\"exterior_condition\"\n\t\t\t\t\t\t\t\t\tvalue=\"Extra sauber\" checked>\n\t\t\t\t\t\t\t\tExtra sauber\t\t\t\t\t\t\t<\/label>\n\t\t\t\t\t\t\t<label>\n\t\t\t\t\t\t\t\t<input type=\"radio\" name=\"exterior_condition\"\n\t\t\t\t\t\t\t\t\tvalue=\"Sauber\"\/>\n\t\t\t\t\t\t\t\tSauber\t\t\t\t\t\t\t<\/label>\n\t\t\t\t\t\t\t<label>\n\t\t\t\t\t\t\t\t<input type=\"radio\" name=\"exterior_condition\"\n\t\t\t\t\t\t\t\t\tvalue=\"Durchschnitt\"\/>\n\t\t\t\t\t\t\t\tDurchschnitt\t\t\t\t\t\t\t<\/label>\n\t\t\t\t\t\t\t<label>\n\t\t\t\t\t\t\t\t<input type=\"radio\" name=\"exterior_condition\"\n\t\t\t\t\t\t\t\t\tvalue=\"Unter dem Durchschnitt\"\/>\n\t\t\t\t\t\t\t\tUnter dem Durchschnitt\t\t\t\t\t\t\t<\/label>\n\t\t\t\t\t\t\t<label>\n\t\t\t\t\t\t\t\t<input type=\"radio\" name=\"exterior_condition\"\n\t\t\t\t\t\t\t\t\tvalue=\"Ich wei\u00df es nicht\"\/>\n\t\t\t\t\t\t\t\tIch wei\u00df es nicht\t\t\t\t\t\t\t<\/label>\n\t\t\t\t\t\t<\/div>\n\t\t\t\t\t\t<div class=\"vehicle-condition-unit\">\n\t\t\t\t\t\t\t<div class=\"icon buoy\"><i class=\"stm-icon-buoy\"><\/i><\/div>\n\t\t\t\t\t\t\t<div class=\"title h5\">Wie ist der Interieur-Zustand?<\/div>\n\t\t\t\t\t\t\t<label>\n\t\t\t\t\t\t\t\t<input type=\"radio\" name=\"interior_condition\"\n\t\t\t\t\t\t\t\t\tvalue=\"Extra sauber\" checked>\n\t\t\t\t\t\t\t\tExtra sauber\t\t\t\t\t\t\t<\/label>\n\t\t\t\t\t\t\t<label>\n\t\t\t\t\t\t\t\t<input type=\"radio\" name=\"interior_condition\"\n\t\t\t\t\t\t\t\t\tvalue=\"Sauber\"\/>\n\t\t\t\t\t\t\t\tSauber\t\t\t\t\t\t\t<\/label>\n\t\t\t\t\t\t\t<label>\n\t\t\t\t\t\t\t\t<input type=\"radio\" name=\"interior_condition\"\n\t\t\t\t\t\t\t\t\tvalue=\"Durchschnitt\"\/>\n\t\t\t\t\t\t\t\tDurchschnitt\t\t\t\t\t\t\t<\/label>\n\t\t\t\t\t\t\t<label>\n\t\t\t\t\t\t\t\t<input type=\"radio\" name=\"interior_condition\"\n\t\t\t\t\t\t\t\t\tvalue=\"Unter dem Durchschnitt\"\/>\n\t\t\t\t\t\t\t\tUnter dem Durchschnitt\t\t\t\t\t\t\t<\/label>\n\t\t\t\t\t\t\t<label>\n\t\t\t\t\t\t\t\t<input type=\"radio\" name=\"interior_condition\"\n\t\t\t\t\t\t\t\t\tvalue=\"Ich wei\u00df es nicht\"\/>\n\t\t\t\t\t\t\t\tIch wei\u00df es nicht\t\t\t\t\t\t\t<\/label>\n\t\t\t\t\t\t<\/div>\n\t\t\t\t\t\t<div class=\"vehicle-condition-unit\">\n\t\t\t\t\t\t\t<div class=\"icon buoy-2\"><i class=\"stm-icon-buoy-2\"><\/i><\/div>\n\t\t\t\t\t\t\t<div class=\"title h5\">War das Fahrzeug in einen Unfall verwickelt<\/div>\n\t\t\t\t\t\t\t<label>\n\t\t\t\t\t\t\t\t<input type=\"radio\" name=\"accident\" value=\"Ja\"\/>\n\t\t\t\t\t\t\t\tJa\t\t\t\t\t\t\t<\/label>\n\t\t\t\t\t\t\t<label>\n\t\t\t\t\t\t\t\t<input type=\"radio\" name=\"accident\" value=\"Nein\"\n\t\t\t\t\t\t\t\t\tchecked>\n\t\t\t\t\t\t\t\tNein\t\t\t\t\t\t\t<\/label>\n\t\t\t\t\t\t\t<label>\n\t\t\t\t\t\t\t\t<input type=\"radio\" name=\"accident\"\n\t\t\t\t\t\t\t\t\tvalue=\"Ich wei\u00df es nicht\"\/>\n\t\t\t\t\t\t\t\tIch wei\u00df es nicht\t\t\t\t\t\t\t<\/label>\n\t\t\t\t\t\t<\/div>\n\t\t\t\t\t<\/div>\n\t\t\t\t\t<a href=\"#\" class=\"button sell-a-car-proceed\" data-step=\"3\">\n\t\t\t\t\t\tSpeichern und fortfahren.\t\t\t\t\t<\/a>\n\t\t\t\t<\/div>\n\n\t\t\t\t<!-- STEP THREE -->\n\t\t\t\t<div class=\"form-content-unit\" id=\"step-three\">\n\t\t\t\t\t<div class=\"contact-details\">\n\t\t\t\t\t\t\t\t\t\t\t\t<div class=\"row\">\n\t\t\t\t\t\t\t<div class=\"col-md-6 col-sm-6\">\n\t\t\t\t\t\t\t\t<div class=\"form-group\">\n\t\t\t\t\t\t\t\t\t<div class=\"contact-us-label\">Vorname*<\/div>\n\t\t\t\t\t\t\t\t\t<input type=\"text\" value=\"\"\n\t\t\t\t\t\t\t\t\t\tname=\"first_name\"\/>\n\t\t\t\t\t\t\t\t<\/div>\n\t\t\t\t\t\t\t<\/div>\n\t\t\t\t\t\t\t<div class=\"col-md-6 col-sm-6\">\n\t\t\t\t\t\t\t\t<div class=\"form-group\">\n\t\t\t\t\t\t\t\t\t<div class=\"contact-us-label\">Nachname*<\/div>\n\t\t\t\t\t\t\t\t\t<input type=\"text\" value=\"\"\n\t\t\t\t\t\t\t\t\t\tname=\"last_name\"\/>\n\t\t\t\t\t\t\t\t<\/div>\n\t\t\t\t\t\t\t<\/div>\n\t\t\t\t\t\t\t<div class=\"col-md-6 col-sm-6\">\n\t\t\t\t\t\t\t\t<div class=\"form-group\">\n\t\t\t\t\t\t\t\t\t<div class=\"contact-us-label\">E-Mail-Adresse*\n\t\t\t\t\t\t\t\t\t<\/div>\n\t\t\t\t\t\t\t\t\t<input type=\"text\" value=\"\"\n\t\t\t\t\t\t\t\t\t\tname=\"email\"\/>\n\t\t\t\t\t\t\t\t<\/div>\n\t\t\t\t\t\t\t<\/div>\n\t\t\t\t\t\t\t<div class=\"col-md-6 col-sm-6\">\n\t\t\t\t\t\t\t\t<div class=\"form-group\">\n\t\t\t\t\t\t\t\t\t<div class=\"contact-us-label\">Telefonnummer*\n\t\t\t\t\t\t\t\t\t<\/div>\n\t\t\t\t\t\t\t\t\t<input type=\"text\" value=\"\"\n\t\t\t\t\t\t\t\t\t\tname=\"phone\"\/>\n\t\t\t\t\t\t\t\t<\/div>\n\t\t\t\t\t\t\t<\/div>\n\t\t\t\t\t\t\t<div class=\"col-md-12 col-sm-12\">\n\t\t\t\t\t\t\t\t<div class=\"form-group\">\n\t\t\t\t\t\t\t\t\t<div class=\"contact-us-label\">Kommentare<\/div>\n\t\t\t\t\t\t\t\t\t<textarea name=\"comments\"><\/textarea>\n\t\t\t\t\t\t\t\t<\/div>\n\t\t\t\t\t\t\t<\/div>\n\t\t\t\t\t\t<\/div>\n\t\t\t\t\t<\/div>\n\t\t\t\t\t<div class=\"clearfix\">\n\t\t\t\t\t\t<div class=\"pull-left\">\n\t\t\t\t\t\t\t\t\t\t\t\t\t\t<input type=\"submit\" value=\"Speichern und beenden\"\/>\n\t\t\t\t\t\t\t\t\t\t\t\t\t<\/div>\n\t\t\t\t\t\t<div class=\"disclaimer\">\n\t\t\t\t\t\t\tBy submitting this form, you will be requesting trade-in value at no obligation and will be contacted within 48 hours by a sales representative.\t\t\t\t\t\t<\/div>\n\t\t\t\t\t<\/div>\n\t\t\t\t<\/div>\n\t\t\t<input type=\"hidden\" name=\"trp-form-language\" value=\"de\"\/><\/form>\n\t\t<\/div>\n\t<\/div>\n\n\t<div class=\"stm-sell-a-car-loader\">\n\t\t<div class=\"stm-loader\">\n\t\t\t<div class=\"stm-loader-inner\">\n\t\t\t\t<div class=\"stm-loader circle\">\n\t\t\t\t\t<div><\/div>\n\t\t\t\t\t<div><\/div>\n\t\t\t\t\t<div><\/div>\n\t\t\t\t<\/div>\n\t\t\t<\/div>\n\t\t<\/div>\n\t<\/div>\n\n\t<div class=\"wpcf7-response-output wpcf7-mail-sent-ok hidden\" id=\"error-fields\">\n\t\tE-Mail wurde erfolgreich versendet\t<\/div>\n\n\t<div class=\"wpcf7-response-output wpcf7-validation-errors hidden\" id=\"error-fields\">\n\t<\/div>\n\n\t\t\t\t<\/div>\n\t\t\t\t<\/div>\n\t\t\t\t\t<\/div>\n\t\t<\/div>\n\t\t\t\t\t<\/div>\n\t\t<\/section>\n\t\t\t\t<\/div>","protected":false},"excerpt":{"rendered":"<p>UW AUTO INRUILEN? Ge\u00efnteresseerd in het inruilen van uw huidige voertuig? Het is waarschijnlijk goed om eerst een schatting van de waarde te hebben. Tenslotte is het inruilen van een voertuig veel minder gedoe dan het zelf verkopen. Bovendien kunt u vaak uw maandlasten verlagen door een voertuig in te ruilen. Win-win! Wij zijn hier&#8230;<\/p>","protected":false},"author":1,"featured_media":0,"parent":0,"menu_order":0,"comment_status":"closed","ping_status":"closed","template":"","meta":{"footnotes":""},"class_list":["post-5749","page","type-page","status-publish","hentry"],"_hostinger_reach_plugin_has_subscription_block":false,"_hostinger_reach_plugin_is_elementor":false,"_links":{"self":[{"href":"https:\/\/www.exclusievecars.nl\/de\/wp-json\/wp\/v2\/pages\/5749","targetHints":{"allow":["GET"]}}],"collection":[{"href":"https:\/\/www.exclusievecars.nl\/de\/wp-json\/wp\/v2\/pages"}],"about":[{"href":"https:\/\/www.exclusievecars.nl\/de\/wp-json\/wp\/v2\/types\/page"}],"author":[{"embeddable":true,"href":"https:\/\/www.exclusievecars.nl\/de\/wp-json\/wp\/v2\/users\/1"}],"replies":[{"embeddable":true,"href":"https:\/\/www.exclusievecars.nl\/de\/wp-json\/wp\/v2\/comments?post=5749"}],"version-history":[{"count":0,"href":"https:\/\/www.exclusievecars.nl\/de\/wp-json\/wp\/v2\/pages\/5749\/revisions"}],"wp:attachment":[{"href":"https:\/\/www.exclusievecars.nl\/de\/wp-json\/wp\/v2\/media?parent=5749"}],"curies":[{"name":"wp","href":"https:\/\/api.w.org\/{rel}","templated":true}]}}