{"id":3821,"date":"2019-12-13T13:10:12","date_gmt":"2019-12-13T13:10:12","guid":{"rendered":"http:\/\/dealer2.motors.loc\/?page_id=3"},"modified":"2024-10-08T03:37:57","modified_gmt":"2024-10-08T01:37:57","slug":"datenschutzbestimmungen","status":"publish","type":"page","link":"https:\/\/www.exclusievecars.nl\/de\/datenschutzbestimmungen\/","title":{"rendered":"Datenschutzbestimmungen"},"content":{"rendered":"<div data-elementor-type=\"wp-page\" data-elementor-id=\"3821\" class=\"elementor elementor-3821\" data-elementor-post-type=\"page\">\n\t\t\t\t\t\t<section class=\"elementor-section elementor-top-section elementor-element elementor-element-fb086f7 elementor-section-boxed elementor-section-height-default elementor-section-height-default\" data-id=\"fb086f7\" data-element_type=\"section\">\n\t\t\t\t\t\t<div class=\"elementor-container elementor-column-gap-default\">\n\t\t\t\t\t<div class=\"elementor-column elementor-col-100 elementor-top-column elementor-element elementor-element-41dc95b3\" data-id=\"41dc95b3\" data-element_type=\"column\">\n\t\t\t<div class=\"elementor-widget-wrap elementor-element-populated\">\n\t\t\t\t\t\t<div class=\"elementor-element elementor-element-302714f5 elementor-widget elementor-widget-text-editor\" data-id=\"302714f5\" data-element_type=\"widget\" data-widget_type=\"text-editor.default\">\n\t\t\t\t<div class=\"elementor-widget-container\">\n\t\t\t\t\t\t\t\t\t<p>Datenschutzerkl\u00e4rung Exclusive Cars<\/p><p>Bei Exclusive Cars, gelegen in <span data-iframe=\"true\" data-src=\"https:\/\/www.google.nl\/maps\/place\/Houtschelf+24,+3371+KB+Hardinxveld-Giessendam\/@51.8276208,4.8496633,16z\/data=!3m1!4b1!4m6!3m5!1s0x47c683dd5fc0e169:0xba1b86817678bae8!8m2!3d51.8276208!4d4.8522382!16s%2Fg%2F11q2nknx1t?entry=ttu&amp;g_ep=EgoyMDI0MDkxOC4xIKXMDSoASAFQAw%3D%3D\">Houtschelf 24, 3371KB Hardinxveld-Giessendam <\/span>und ist zu erreichen unter <a href=\"https:\/\/www.exclusievecars.nl\/de\/\">www.exclusievecars.nl<\/a>legen wir gro\u00dfen Wert auf den Schutz Ihrer pers\u00f6nlichen Daten. Mit dieser Datenschutzerkl\u00e4rung m\u00f6chten wir Sie klar und transparent dar\u00fcber informieren, wie wir mit personenbezogenen Daten umgehen.<\/p><ol><li>Erhebung und Verwendung von Daten<\/li><\/ol><p>Wir erheben und verwenden Ihre personenbezogenen Daten f\u00fcr die folgenden Zwecke:<\/p><ul><li>Bearbeitung Ihres Antrags auf Kfz-Einfuhr<\/li><li>Abwicklung der Inzahlungnahme Ihres aktuellen Fahrzeugs<\/li><li>Verbesserung unserer Dienstleistungen und unserer Website<\/li><\/ul><ol start=\"2\"><li>Welche Daten sammeln wir?<\/li><\/ol><p>Wir sammeln die folgenden Daten:<\/p><ul><li>Name, Anschrift, Telefonnummer und E-Mail Adresse<\/li><li>Angaben zu Ihrem derzeitigen Fahrzeug (falls Sie es in Zahlung geben)<\/li><li>Pr\u00e4ferenzen f\u00fcr Ihr gew\u00fcnschtes Importfahrzeug<\/li><\/ul><ol start=\"3\"><li>Gemeinsame Nutzung von Daten<\/li><\/ol><p>Wir geben Ihre Daten nur an die folgenden Parteien weiter:<\/p><ul><li>Google: f\u00fcr die Verwendung von Schriftarten, Google Analytics und Google Tag Manager<\/li><li>Facebook und Instagram: f\u00fcr Marketingzwecke<\/li><\/ul><ol start=\"4\"><li>Cookies<\/li><\/ol><p>Wir verwenden Cookies, damit unsere Website ordnungsgem\u00e4\u00df funktioniert und Ihre Benutzerfreundlichkeit verbessert wird. Sie k\u00f6nnen Ihren Browser so einstellen, dass er Cookies ablehnt.<\/p><ol start=\"5\"><li>Aufbewahrungsfrist<\/li><\/ol><p>Wir bewahren Ihre personenbezogenen Daten nicht l\u00e4nger auf, als es f\u00fcr die Erf\u00fcllung der Zwecke, f\u00fcr die Ihre Daten erhoben wurden, unbedingt erforderlich ist.<\/p><ol start=\"6\"><li>Sicherheit<\/li><\/ol><p>Wir ergreifen geeignete Ma\u00dfnahmen, um Missbrauch, Verlust, unbefugtem Zugriff, unerw\u00fcnschter Offenlegung und unbefugter \u00c4nderung entgegenzuwirken.<\/p><ol start=\"7\"><li>Ihre Rechte<\/li><\/ol><p>Sie haben das Recht auf Zugang, Berichtigung oder L\u00f6schung Ihrer personenbezogenen Daten. Sie haben auch das Recht, Ihre m\u00f6gliche Zustimmung zur Datenverarbeitung zur\u00fcckzuziehen oder der Verarbeitung Ihrer personenbezogenen Daten durch Exclusive Cars zu widersprechen.<\/p><ol start=\"8\"><li>Kontaktangaben<\/li><\/ol><p>Wenn Sie Fragen zu unserer Datenschutzpolitik haben oder Zugang, Korrektur oder L\u00f6schung Ihrer Daten w\u00fcnschen, wenden Sie sich bitte an uns:<\/p><p><strong>Exklusive Autos <span data-iframe=\"true\" data-src=\"https:\/\/www.google.nl\/maps\/place\/Houtschelf+24,+3371+KB+Hardinxveld-Giessendam\/@51.8276208,4.8496633,16z\/data=!3m1!4b1!4m6!3m5!1s0x47c683dd5fc0e169:0xba1b86817678bae8!8m2!3d51.8276208!4d4.8522382!16s%2Fg%2F11q2nknx1t?entry=ttu&amp;g_ep=EgoyMDI0MDkxOC4xIKXMDSoASAFQAw%3D%3D\">Houtschelf 24, 3371KB Hardinxveld-Giessendam<\/span><\/strong><\/p><p><b>+31 6 25255611 <a href=\"mailto:info@exclusievecars.nl\">info@exclusievecars.nl<\/a><\/b><\/p><ol start=\"9\"><li>\u00c4nderungen der Datenschutzrichtlinie<\/li><\/ol><p>Wir behalten uns das Recht vor, \u00c4nderungen an dieser Datenschutzerkl\u00e4rung vorzunehmen. Bitte \u00fcberpr\u00fcfen Sie daher diese Seite regelm\u00e4\u00dfig auf die neueste Version.<\/p><p>Letzte Aktualisierung: 07-10-2024<\/p>\t\t\t\t\t\t\t\t<\/div>\n\t\t\t\t<\/div>\n\t\t\t\t\t<\/div>\n\t\t<\/div>\n\t\t\t\t\t<\/div>\n\t\t<\/section>\n\t\t\t\t<\/div>","protected":false},"excerpt":{"rendered":"<p>Privacybeleid Exclusieve Cars Bij Exclusieve Cars, gevestigd aan Houtschelf 24, 3371KB Hardinxveld-Giessendam en bereikbaar via www.exclusievecars.nl, hechten we groot belang aan de bescherming van uw persoonsgegevens. In dit Privacybeleid willen we heldere en transparante informatie geven over hoe wij omgaan met persoonsgegevens. Verzameling en gebruik van gegevens Wij verzamelen en gebruiken uw persoonsgegevens voor de&#8230;<\/p>","protected":false},"author":1,"featured_media":0,"parent":0,"menu_order":0,"comment_status":"closed","ping_status":"closed","template":"","meta":{"footnotes":""},"class_list":["post-3821","page","type-page","status-publish","hentry"],"_hostinger_reach_plugin_has_subscription_block":false,"_hostinger_reach_plugin_is_elementor":false,"_links":{"self":[{"href":"https:\/\/www.exclusievecars.nl\/de\/wp-json\/wp\/v2\/pages\/3821","targetHints":{"allow":["GET"]}}],"collection":[{"href":"https:\/\/www.exclusievecars.nl\/de\/wp-json\/wp\/v2\/pages"}],"about":[{"href":"https:\/\/www.exclusievecars.nl\/de\/wp-json\/wp\/v2\/types\/page"}],"author":[{"embeddable":true,"href":"https:\/\/www.exclusievecars.nl\/de\/wp-json\/wp\/v2\/users\/1"}],"replies":[{"embeddable":true,"href":"https:\/\/www.exclusievecars.nl\/de\/wp-json\/wp\/v2\/comments?post=3821"}],"version-history":[{"count":0,"href":"https:\/\/www.exclusievecars.nl\/de\/wp-json\/wp\/v2\/pages\/3821\/revisions"}],"wp:attachment":[{"href":"https:\/\/www.exclusievecars.nl\/de\/wp-json\/wp\/v2\/media?parent=3821"}],"curies":[{"name":"wp","href":"https:\/\/api.w.org\/{rel}","templated":true}]}}